{"id":6353,"date":"2024-09-02T17:48:12","date_gmt":"2024-09-02T15:48:12","guid":{"rendered":"https:\/\/fantasyfood.org\/cookie-richtlinie\/"},"modified":"2024-09-02T18:11:56","modified_gmt":"2024-09-02T16:11:56","slug":"cookie-richtlinie","status":"publish","type":"page","link":"https:\/\/fantasyfood.org\/de\/cookie-richtlinie\/","title":{"rendered":"Cookie-Richtlinie"},"content":{"rendered":"\n<p>Zuletzt aktualisiert: 24. Juli 2024<\/p>\n\n<p style=\"font-style:normal;font-weight:400\">Diese Cookie-Richtlinie erkl\u00e4rt, was Cookies sind und wie wir sie verwenden. Sie sollten diese Richtlinie lesen, um zu verstehen, welche Arten von Cookies wir verwenden oder welche Informationen wir mithilfe von Cookies sammeln und wie diese Informationen verwendet werden. Diese Cookie-Richtlinie wurde mit Hilfe des Cookie-Richtlinien-Generators erstellt.<\/p>\n\n<p style=\"font-style:normal;font-weight:400\">Cookies enthalten normalerweise keine Informationen, die Sie pers\u00f6nlich identifizieren, aber pers\u00f6nliche Informationen, die wir \u00fcber Sie speichern, k\u00f6nnen mit Informationen verkn\u00fcpft sein, die in Cookies gespeichert und von Cookies erhalten werden. Weitere Informationen dar\u00fcber, wie wir Ihre pers\u00f6nlichen Daten verwenden, speichern und sch\u00fctzen, finden Sie in unserer Datenschutzrichtlinie.<\/p>\n\n<p style=\"font-style:normal;font-weight:400\">Wir speichern in den von uns verwendeten Cookies keine sensiblen pers\u00f6nlichen Daten wie Postadressen, Kontopassw\u00f6rter usw.<\/p>\n\n<h1 class=\"wp-block-heading has-x-large-font-size\">Interpretation und Definitionen<\/h1>\n\n<h2 class=\"wp-block-heading has-x-large-font-size\">Interpretation<\/h2>\n\n<p style=\"font-style:normal;font-weight:400\">W\u00f6rter, deren erster Buchstabe gro\u00df geschrieben ist, haben unter den folgenden Bedingungen definierte Bedeutungen. Die folgenden Definitionen haben unabh\u00e4ngig davon, ob sie im Singular oder Plural stehen, dieselbe Bedeutung.<\/p>\n\n<h2 class=\"wp-block-heading has-x-large-font-size\">Definitionen<\/h2>\n\n<p style=\"font-style:normal;font-weight:400\">F\u00fcr die Zwecke dieser Cookie-Richtlinie:<\/p>\n\n<ul class=\"wp-block-list\" style=\"font-style:normal;font-weight:400\">\n<li style=\"font-style:normal;font-weight:400\">Unternehmen (in dieser Cookie-Richtlinie als \u201edas Unternehmen\u201c, \u201eWir\u201c, \u201eUns\u201c oder \u201eUnser\u201c bezeichnet) bezieht sich auf Fantasy Food Sp. z oo, R\u0119czaje Polskie 4A, 05-326 Po\u015bwi\u0119tne, Polen.<\/li>\n\n\n\n<li style=\"font-style:normal;font-weight:400\">Cookies sind kleine Dateien, die von einer Website auf Ihrem Computer, Mobilger\u00e4t oder einem anderen Ger\u00e4t abgelegt werden und die unter anderem Einzelheiten zu Ihrem Browserverlauf auf dieser Website enthalten.<\/li>\n\n\n\n<li style=\"font-style:normal;font-weight:400\">Die Website verweist auf Fantasy Food, zug\u00e4nglich \u00fcber <a href=\"https:\/\/fantasyfood.org\/de\/\" target=\"_blank\" rel=\"noreferrer noopener\">https:\/\/fantasyfood.org<\/a><\/li>\n\n\n\n<li style=\"font-style:normal;font-weight:400\">Mit \u201eSie\u201c ist die Person gemeint, die auf die Site zugreift oder sie nutzt, bzw. das Unternehmen oder eine andere juristische Person, in deren Namen diese Person auf die Site zugreift oder sie nutzt, je nach Fall.<\/li>\n<\/ul>\n\n<h1 class=\"wp-block-heading has-x-large-font-size\">Nutzung von Cookies<\/h1>\n\n<h2 class=\"wp-block-heading has-x-large-font-size\">Die Art der von uns verwendeten Cookies<\/h2>\n\n<p style=\"font-style:normal;font-weight:400\">Cookies k\u00f6nnen \u201edauerhafte\u201c oder \u201eSitzungscookies\u201c sein. Dauerhafte Cookies verbleiben auf Ihrem PC oder Mobilger\u00e4t, wenn Sie offline gehen, w\u00e4hrend Sitzungscookies sofort gel\u00f6scht werden, wenn Sie Ihren Webbrowser schlie\u00dfen. Wir verwenden sowohl Sitzungs- als auch dauerhafte Cookies f\u00fcr die unten aufgef\u00fchrten Zwecke:<\/p>\n\n<p style=\"font-style:normal;font-weight:400\"><strong>Notwendige \/ essentielle Cookies<\/strong><\/p>\n\n<ul class=\"wp-block-list\" style=\"font-style:normal;font-weight:400\">\n<li style=\"font-style:normal;font-weight:400\">Typ: Sitzungscookies<\/li>\n\n\n\n<li style=\"font-style:normal;font-weight:400\">Administrator: mein<\/li>\n\n\n\n<li style=\"font-style:normal;font-weight:400\">Zweck: Diese Cookies sind erforderlich, um \u00fcber die Website verf\u00fcgbare Dienste bereitzustellen und die Nutzung einiger ihrer Funktionen zu erm\u00f6glichen. Sie helfen bei der Authentifizierung von Benutzern und verhindern die betr\u00fcgerische Verwendung von Benutzerkonten. Ohne diese Cookies k\u00f6nnen die von Ihnen angeforderten Dienste nicht bereitgestellt werden. Wir verwenden diese Cookies nur, um Ihnen diese Dienste bereitzustellen.<\/li>\n<\/ul>\n\n<p style=\"font-style:normal;font-weight:400\"><strong>Funktionale Cookies<\/strong><\/p>\n\n<ul class=\"wp-block-list\" style=\"font-style:normal;font-weight:400\">\n<li style=\"font-style:normal;font-weight:400\">Typ: dauerhafte Cookies<\/li>\n\n\n\n<li style=\"font-style:normal;font-weight:400\">Administrator: mein<\/li>\n\n\n\n<li style=\"font-style:normal;font-weight:400\">Zweck: Diese Cookies erm\u00f6glichen es uns, Entscheidungen zu speichern, die Sie bei der Nutzung der Website treffen, wie z. B. Ihre Anmeldedaten oder Spracheinstellungen. Der Zweck dieser Cookies besteht darin, Ihnen ein pers\u00f6nlicheres Erlebnis zu bieten und zu vermeiden, dass Sie Ihre Einstellungen bei jeder Nutzung der Website erneut eingeben m\u00fcssen.<\/li>\n<\/ul>\n\n<p style=\"font-style:normal;font-weight:400\"><strong>Analyse- und Performance-Cookies<\/strong><\/p>\n\n<ul class=\"wp-block-list\" style=\"font-style:normal;font-weight:400\">\n<li style=\"font-style:normal;font-weight:400\">Typ: dauerhafte Cookies<\/li>\n\n\n\n<li style=\"font-style:normal;font-weight:400\">Administrator: Dritte<\/li>\n\n\n\n<li style=\"font-style:normal;font-weight:400\">Zweck: Diese Cookies werden verwendet, um Informationen \u00fcber den Website-Verkehr und die Nutzung der Website durch Benutzer zu sammeln. Die durch diese Cookies gesammelten Informationen k\u00f6nnen Sie als einzelnen Besucher direkt oder indirekt identifizieren. Dies liegt daran, dass die gesammelten Informationen normalerweise mit einer pseudonymen Kennung verkn\u00fcpft sind, die mit dem Ger\u00e4t verkn\u00fcpft ist, mit dem Sie auf die Site zugreifen. Zu diesem Zweck verwenden wir Google Analytics, Mixpanel, Mouseflow und andere \u00e4hnliche Tools.<\/li>\n<\/ul>\n\n<p><strong>Cookies f\u00fcr Marketingzwecke<\/strong><\/p>\n\n<ul class=\"wp-block-list\">\n<li style=\"font-style:normal;font-weight:400\">Typ: Dauerhafte Cookies<\/li>\n\n\n\n<li style=\"font-style:normal;font-weight:400\">Administratoren: Dritte<\/li>\n\n\n\n<li style=\"font-style:normal;font-weight:400\">Zweck: Diese Cookies werden verwendet, um Werbebotschaften f\u00fcr Sie relevanter zu machen. Sie erf\u00fcllen Funktionen wie die Verhinderung, dass dieselbe Anzeige immer wieder angezeigt wird, die Sicherstellung, dass den Werbetreibenden die richtigen Anzeigen angezeigt werden, und in einigen F\u00e4llen die Auswahl von Anzeigen basierend auf Ihren Interessen. Wir verwenden Werbeplattformen wie Google Ads und Facebook Ads, einschlie\u00dflich Benutzer-Retargeting.<\/li>\n<\/ul>\n\n<p><strong>Cookies f\u00fcr soziale Medien<\/strong><\/p>\n\n<ul class=\"wp-block-list\">\n<li style=\"font-style:normal;font-weight:400\">Typ: Dauerhafte Cookies<\/li>\n\n\n\n<li style=\"font-style:normal;font-weight:400\">Administratoren: Dritte<\/li>\n\n\n\n<li style=\"font-style:normal;font-weight:400\">Zweck: Zus\u00e4tzlich zu unseren eigenen Cookies k\u00f6nnen wir auch verschiedene Cookies von Drittanbietern verwenden, um Statistiken zur Site-Nutzung zu melden, Werbung auf und \u00fcber die Site bereitzustellen usw. Diese Cookies k\u00f6nnen Aktivit\u00e4ten wie die Anmeldung bei Social Media-Konten (z. B. \u201eMit Facebook anmelden\u201c) oder Interaktionen mit Social Media-Schaltfl\u00e4chen (z. B. Facebook-\u201eGef\u00e4llt mir\u201c-\/\u201eFolgen\u201c-Schaltfl\u00e4chen) verfolgen.<\/li>\n<\/ul>\n\n<h1 class=\"wp-block-heading has-x-large-font-size\">Ihre Wahlm\u00f6glichkeiten in Bezug auf Cookies<\/h1>\n\n<p style=\"font-style:normal;font-weight:400\">Wenn Sie die Verwendung von Cookies auf der Website vermeiden m\u00f6chten, m\u00fcssen Sie zun\u00e4chst die Verwendung von Cookies in Ihrem Browser deaktivieren und dann die im mit dieser Website verkn\u00fcpften Browser gespeicherten Cookies l\u00f6schen. Mit dieser Option k\u00f6nnen Sie die Verwendung von Cookies jederzeit verhindern.<\/p>\n\n<p style=\"font-style:normal;font-weight:400\">Wenn Sie unsere Cookies nicht akzeptieren, kann es zu Unannehmlichkeiten bei der Nutzung der Website kommen und einige Funktionen funktionieren m\u00f6glicherweise nicht richtig.<\/p>\n\n<p style=\"font-style:normal;font-weight:400\"><strong>Wenn Sie Cookies l\u00f6schen oder Ihren Webbrowser anweisen m\u00f6chten, Cookies zu entfernen oder abzulehnen, besuchen Sie bitte die Hilfeseiten Ihres Webbrowsers.<\/strong><\/p>\n\n<ul class=\"wp-block-list\">\n<li style=\"font-style:normal;font-weight:400\">F\u00fcr den Chrome-Webbrowser besuchen Sie bitte diese Google-Seite: <a href=\"https:\/\/support.google.com\/accounts\/answer\/32050\">https:\/\/support.google.com\/accounts\/answer\/32050<\/a><\/li>\n\n\n\n<li style=\"font-style:normal;font-weight:400\">Besuchen Sie f\u00fcr den Webbrowser Internet Explorer diese Microsoft-Website: <a href=\"http:\/\/support.microsoft.com\/kb\/278835\">http:\/\/support.microsoft.com\/kb\/278835<\/a><\/li>\n\n\n\n<li style=\"font-style:normal;font-weight:400\">F\u00fcr den Firefox-Webbrowser besuchen Sie bitte diese Mozilla-Website: <a href=\"https:\/\/support.mozilla.org\/en-US\/kb\/delete-cookies-remove-info-websites-stored\">https:\/\/support.mozilla.org\/en-US\/kb\/delete-cookies-remove-info-websites-stored<\/a><\/li>\n\n\n\n<li style=\"font-style:normal;font-weight:400\">Besuchen Sie f\u00fcr den Safari-Webbrowser diese Apple-Website: <a href=\"https:\/\/support.apple.com\/guide\/safari\/manage-cookies-and-website-data-sfri11471\/mac\">https:\/\/support.apple.com\/guide\/safari\/manage-cookies-and-website-data-sfri11471\/mac<\/a><\/li>\n\n\n\n<li style=\"font-style:normal;font-weight:400\">F\u00fcr alle anderen Webbrowser besuchen Sie die offiziellen Websites.<\/li>\n<\/ul>\n\n<h2 class=\"wp-block-heading has-x-large-font-size\">Mehr Informationen \u00fcber Cookies<\/h2>\n\n<p style=\"font-style:normal;font-weight:400\">Weitere Informationen zu Cookies finden Sie hier: <a href=\"https:\/\/www.termsfeed.com\/blog\/cookies\/\">Alles \u00fcber Cookies von TermsFeed<\/a> .<\/p>\n\n<h2 class=\"wp-block-heading has-x-large-font-size\">kontaktiere uns<\/h2>\n\n<p style=\"font-style:normal;font-weight:400\">Wenn Sie Fragen zu dieser Cookie-Richtlinie haben, k\u00f6nnen Sie uns wie folgt kontaktieren:<\/p>\n\n<p style=\"font-style:normal;font-weight:400\">Per E-Mail: <a href=\"mailto:info@qsrconsulting.info\">info@qsrconsulting.info<\/a><\/p>\n","protected":false},"excerpt":{"rendered":"<p>Zuletzt aktualisiert: 24. Juli 2024 Diese Cookie-Richtlinie erkl\u00e4rt, was Cookies sind und wie wir sie verwenden. Sie sollten diese Richtlinie lesen, um zu verstehen, welche Arten von Cookies wir verwenden oder welche Informationen wir mithilfe von Cookies sammeln und wie diese Informationen verwendet werden. Diese Cookie-Richtlinie wurde mit Hilfe des Cookie-Richtlinien-Generators erstellt. Cookies enthalten normalerweise [&hellip;]<\/p>\n","protected":false},"author":2,"featured_media":0,"parent":0,"menu_order":0,"comment_status":"closed","ping_status":"closed","template":"","meta":{"site-sidebar-layout":"default","site-content-layout":"","ast-site-content-layout":"default","site-content-style":"default","site-sidebar-style":"default","ast-global-header-display":"","ast-banner-title-visibility":"","ast-main-header-display":"","ast-hfb-above-header-display":"","ast-hfb-below-header-display":"","ast-hfb-mobile-header-display":"","site-post-title":"","ast-breadcrumbs-content":"","ast-featured-img":"","footer-sml-layout":"","theme-transparent-header-meta":"","adv-header-id-meta":"","stick-header-meta":"","header-above-stick-meta":"","header-main-stick-meta":"","header-below-stick-meta":"","astra-migrate-meta-layouts":"default","ast-page-background-enabled":"default","ast-page-background-meta":{"desktop":{"background-color":"","background-image":"","background-repeat":"repeat","background-position":"center center","background-size":"auto","background-attachment":"scroll","background-type":"","background-media":"","overlay-type":"","overlay-color":"","overlay-opacity":"","overlay-gradient":""},"tablet":{"background-color":"","background-image":"","background-repeat":"repeat","background-position":"center center","background-size":"auto","background-attachment":"scroll","background-type":"","background-media":"","overlay-type":"","overlay-color":"","overlay-opacity":"","overlay-gradient":""},"mobile":{"background-color":"","background-image":"","background-repeat":"repeat","background-position":"center center","background-size":"auto","background-attachment":"scroll","background-type":"","background-media":"","overlay-type":"","overlay-color":"","overlay-opacity":"","overlay-gradient":""}},"ast-content-background-meta":{"desktop":{"background-color":"var(--ast-global-color-5)","background-image":"","background-repeat":"repeat","background-position":"center center","background-size":"auto","background-attachment":"scroll","background-type":"","background-media":"","overlay-type":"","overlay-color":"","overlay-opacity":"","overlay-gradient":""},"tablet":{"background-color":"var(--ast-global-color-5)","background-image":"","background-repeat":"repeat","background-position":"center center","background-size":"auto","background-attachment":"scroll","background-type":"","background-media":"","overlay-type":"","overlay-color":"","overlay-opacity":"","overlay-gradient":""},"mobile":{"background-color":"var(--ast-global-color-5)","background-image":"","background-repeat":"repeat","background-position":"center center","background-size":"auto","background-attachment":"scroll","background-type":"","background-media":"","overlay-type":"","overlay-color":"","overlay-opacity":"","overlay-gradient":""}},"footnotes":""},"class_list":["post-6353","page","type-page","status-publish","hentry"],"aioseo_notices":[],"_links":{"self":[{"href":"https:\/\/fantasyfood.org\/de\/wp-json\/wp\/v2\/pages\/6353"}],"collection":[{"href":"https:\/\/fantasyfood.org\/de\/wp-json\/wp\/v2\/pages"}],"about":[{"href":"https:\/\/fantasyfood.org\/de\/wp-json\/wp\/v2\/types\/page"}],"author":[{"embeddable":true,"href":"https:\/\/fantasyfood.org\/de\/wp-json\/wp\/v2\/users\/2"}],"replies":[{"embeddable":true,"href":"https:\/\/fantasyfood.org\/de\/wp-json\/wp\/v2\/comments?post=6353"}],"version-history":[{"count":1,"href":"https:\/\/fantasyfood.org\/de\/wp-json\/wp\/v2\/pages\/6353\/revisions"}],"predecessor-version":[{"id":6354,"href":"https:\/\/fantasyfood.org\/de\/wp-json\/wp\/v2\/pages\/6353\/revisions\/6354"}],"wp:attachment":[{"href":"https:\/\/fantasyfood.org\/de\/wp-json\/wp\/v2\/media?parent=6353"}],"curies":[{"name":"wp","href":"https:\/\/api.w.org\/{rel}","templated":true}]}}