{"id":6361,"date":"2024-09-02T17:48:12","date_gmt":"2024-09-02T15:48:12","guid":{"rendered":"https:\/\/fantasyfood.org\/politica-de-cookies\/"},"modified":"2024-09-02T18:11:56","modified_gmt":"2024-09-02T16:11:56","slug":"politica-de-cookies","status":"publish","type":"page","link":"https:\/\/fantasyfood.org\/es\/politica-de-cookies\/","title":{"rendered":"Pol\u00edtica de cookies"},"content":{"rendered":"\n<p>\u00daltima actualizaci\u00f3n: 24 de julio de 2024<\/p>\n\n<p style=\"font-style:normal;font-weight:400\">Esta Pol\u00edtica de cookies explica qu\u00e9 son las cookies y c\u00f3mo las utilizamos. Debe leer esta pol\u00edtica para comprender qu\u00e9 tipos de cookies utilizamos o qu\u00e9 informaci\u00f3n recopilamos mediante cookies y c\u00f3mo se utiliza esa informaci\u00f3n. Esta Pol\u00edtica de cookies se cre\u00f3 con la ayuda del Generador de pol\u00edticas de cookies.<\/p>\n\n<p style=\"font-style:normal;font-weight:400\">Las cookies no suelen contener informaci\u00f3n que lo identifique personalmente, pero la informaci\u00f3n personal que almacenamos sobre usted puede estar vinculada a la informaci\u00f3n almacenada y obtenida a trav\u00e9s de las cookies. Para obtener m\u00e1s informaci\u00f3n sobre c\u00f3mo usamos, almacenamos y protegemos sus datos personales, lea nuestra Pol\u00edtica de privacidad.<\/p>\n\n<p style=\"font-style:normal;font-weight:400\">No almacenamos informaci\u00f3n personal confidencial como direcciones postales, contrase\u00f1as de cuentas, etc. en las cookies que utilizamos.<\/p>\n\n<h1 class=\"wp-block-heading has-x-large-font-size\">Interpretaci\u00f3n y definiciones<\/h1>\n\n<h2 class=\"wp-block-heading has-x-large-font-size\">Interpretaci\u00f3n<\/h2>\n\n<p style=\"font-style:normal;font-weight:400\">Las palabras cuya primera letra est\u00e1 en may\u00fascula tienen significados definidos en las siguientes condiciones. Las siguientes definiciones tienen el mismo significado ya sea en singular o en plural.<\/p>\n\n<h2 class=\"wp-block-heading has-x-large-font-size\">Definiciones<\/h2>\n\n<p style=\"font-style:normal;font-weight:400\">A los efectos de esta Pol\u00edtica de Cookies:<\/p>\n\n<ul class=\"wp-block-list\" style=\"font-style:normal;font-weight:400\">\n<li style=\"font-style:normal;font-weight:400\">La empresa (en adelante, \u201cla empresa\u201d, \u201cnosotros\u201d, \u201cnos\u201d o \u201cnuestro\u201d en esta Pol\u00edtica de cookies) se refiere a Fantasy Food Sp. z oo, R\u0119czaje Polskie 4A, 05-326 Po\u015bwi\u0119tne, Polonia.<\/li>\n\n\n\n<li style=\"font-style:normal;font-weight:400\">Las cookies son peque\u00f1os archivos que un sitio web coloca en su computadora, dispositivo m\u00f3vil u otro dispositivo y que contienen detalles de su historial de navegaci\u00f3n en ese sitio web, entre sus muchos usos.<\/li>\n\n\n\n<li style=\"font-style:normal;font-weight:400\">El sitio web se refiere a Fantasy Food, accesible desde <a href=\"https:\/\/fantasyfood.org\/es\/\" target=\"_blank\" rel=\"noreferrer noopener\">https:\/\/fantasyfood.org<\/a><\/li>\n\n\n\n<li style=\"font-style:normal;font-weight:400\">Usted significa el individuo que accede o utiliza el Sitio, o la empresa, o cualquier entidad legal en nombre de la cual dicho individuo accede o utiliza el Sitio, seg\u00fan corresponda.<\/li>\n<\/ul>\n\n<h1 class=\"wp-block-heading has-x-large-font-size\">Uso de cookies<\/h1>\n\n<h2 class=\"wp-block-heading has-x-large-font-size\">El tipo de cookies que utilizamos<\/h2>\n\n<p style=\"font-style:normal;font-weight:400\">Las cookies pueden ser \u201cpersistentes\u201d o \u201cde sesi\u00f3n\u201d. Las cookies persistentes permanecen en su computadora personal o dispositivo m\u00f3vil cuando se desconecta, mientras que las cookies de sesi\u00f3n se eliminan inmediatamente cuando cierra su navegador web. Usamos cookies de sesi\u00f3n y persistentes para los fines que se detallan a continuaci\u00f3n:<\/p>\n\n<p style=\"font-style:normal;font-weight:400\"><strong>Cookies necesarias\/esenciales<\/strong><\/p>\n\n<ul class=\"wp-block-list\" style=\"font-style:normal;font-weight:400\">\n<li style=\"font-style:normal;font-weight:400\">Tipo: cookies de sesi\u00f3n<\/li>\n\n\n\n<li style=\"font-style:normal;font-weight:400\">Administrador: mi<\/li>\n\n\n\n<li style=\"font-style:normal;font-weight:400\">Finalidad: Estas cookies son necesarias para proporcionar los servicios disponibles a trav\u00e9s del sitio web y para permitir el uso de algunas de sus funciones. Ayudan a autenticar a los usuarios y a evitar el uso fraudulento de las cuentas de usuario. Sin estas cookies, no se pueden proporcionar los servicios que solicita y solo utilizamos estas cookies para proporcionarle estos servicios.<\/li>\n<\/ul>\n\n<p style=\"font-style:normal;font-weight:400\"><strong>Cookies funcionales<\/strong><\/p>\n\n<ul class=\"wp-block-list\" style=\"font-style:normal;font-weight:400\">\n<li style=\"font-style:normal;font-weight:400\">Tipo: cookies persistentes<\/li>\n\n\n\n<li style=\"font-style:normal;font-weight:400\">Administrador: mi<\/li>\n\n\n\n<li style=\"font-style:normal;font-weight:400\">Finalidad: Estas cookies nos permiten recordar las opciones que usted elige al utilizar el sitio web, como por ejemplo sus datos de acceso o sus preferencias de idioma. La finalidad de estas cookies es ofrecerle una experiencia m\u00e1s personalizada y evitar que tenga que volver a introducir sus preferencias cada vez que utilice el sitio web.<\/li>\n<\/ul>\n\n<p style=\"font-style:normal;font-weight:400\"><strong>Cookies anal\u00edticas y de rendimiento<\/strong><\/p>\n\n<ul class=\"wp-block-list\" style=\"font-style:normal;font-weight:400\">\n<li style=\"font-style:normal;font-weight:400\">Tipo: cookies persistentes<\/li>\n\n\n\n<li style=\"font-style:normal;font-weight:400\">Administrador: terceros<\/li>\n\n\n\n<li style=\"font-style:normal;font-weight:400\">Finalidad: Estas cookies se utilizan para recopilar informaci\u00f3n sobre el tr\u00e1fico del sitio web y c\u00f3mo los usuarios utilizan el sitio web. La informaci\u00f3n recopilada a trav\u00e9s de estas cookies puede identificarle directa o indirectamente como visitante individual. Esto se debe a que la informaci\u00f3n recopilada normalmente se asocia a un identificador seud\u00f3nimo asociado al dispositivo que utiliza para acceder al Sitio. Para este fin, utilizamos Google Analytics, Mixpanel, Mouseflow y otras herramientas similares.<\/li>\n<\/ul>\n\n<p><strong>Cookies de publicidad y segmentaci\u00f3n<\/strong><\/p>\n\n<ul class=\"wp-block-list\">\n<li style=\"font-style:normal;font-weight:400\">Tipo: Cookies persistentes<\/li>\n\n\n\n<li style=\"font-style:normal;font-weight:400\">Administradores: Terceros<\/li>\n\n\n\n<li style=\"font-style:normal;font-weight:400\">Finalidad: Estas cookies se utilizan para hacer que los mensajes publicitarios sean m\u00e1s relevantes para usted. Realizan funciones como evitar que el mismo anuncio vuelva a aparecer continuamente, garantizar que los anuncios se muestren correctamente a los anunciantes y, en algunos casos, seleccionar anuncios en funci\u00f3n de sus intereses. Utilizamos plataformas publicitarias como Google Ads y Facebook Ads, incluida la reorientaci\u00f3n de usuarios.<\/li>\n<\/ul>\n\n<p><strong>Cookies de redes sociales<\/strong><\/p>\n\n<ul class=\"wp-block-list\">\n<li style=\"font-style:normal;font-weight:400\">Tipo: Cookies persistentes<\/li>\n\n\n\n<li style=\"font-style:normal;font-weight:400\">Administradores: Terceros<\/li>\n\n\n\n<li style=\"font-style:normal;font-weight:400\">Finalidad: Adem\u00e1s de nuestras propias cookies, tambi\u00e9n podemos utilizar diversas cookies de terceros para informar sobre las estad\u00edsticas de uso del Sitio, ofrecer publicidad en el Sitio y a trav\u00e9s de \u00e9l, etc. Estas cookies pueden rastrear actividades como el inicio de sesi\u00f3n en cuentas de redes sociales (por ejemplo, &quot;Iniciar sesi\u00f3n con Facebook&quot;) o interacciones con botones de redes sociales (por ejemplo, botones Me gusta\/Seguir de Facebook).<\/li>\n<\/ul>\n\n<h1 class=\"wp-block-heading has-x-large-font-size\">Sus opciones con respecto a las cookies<\/h1>\n\n<p style=\"font-style:normal;font-weight:400\">Si prefiere evitar el uso de cookies en el Sitio Web, deber\u00e1 en primer lugar deshabilitar el uso de cookies en su navegador y, a continuaci\u00f3n, eliminar las cookies almacenadas en el navegador asociado a este sitio web. Puede utilizar esta opci\u00f3n para evitar el uso de cookies en cualquier momento.<\/p>\n\n<p style=\"font-style:normal;font-weight:400\">Si no acepta nuestras cookies, puede experimentar algunos inconvenientes al utilizar el Sitio Web y algunas funciones pueden no funcionar correctamente.<\/p>\n\n<p style=\"font-style:normal;font-weight:400\"><strong>Si desea eliminar las cookies o indicarle a su navegador web que las elimine o rechace, visite las p\u00e1ginas de ayuda de su navegador web.<\/strong><\/p>\n\n<ul class=\"wp-block-list\">\n<li style=\"font-style:normal;font-weight:400\">Para el navegador web Chrome, visite esta p\u00e1gina de Google: <a href=\"https:\/\/support.google.com\/accounts\/answer\/32050\">https:\/\/support.google.com\/accounts\/answer\/32050<\/a><\/li>\n\n\n\n<li style=\"font-style:normal;font-weight:400\">Para el navegador web Internet Explorer, visite este sitio web de Microsoft: <a href=\"http:\/\/support.microsoft.com\/kb\/278835\">http:\/\/support.microsoft.com\/kb\/278835<\/a><\/li>\n\n\n\n<li style=\"font-style:normal;font-weight:400\">Para el navegador web Firefox, visite este sitio web de Mozilla: <a href=\"https:\/\/support.mozilla.org\/en-US\/kb\/delete-cookies-remove-info-websites-stored\">https:\/\/support.mozilla.org\/en-US\/kb\/delete-cookies-remove-info-websites-stored<\/a><\/li>\n\n\n\n<li style=\"font-style:normal;font-weight:400\">Para el navegador web Safari, visite este sitio web de Apple: <a href=\"https:\/\/support.apple.com\/guide\/safari\/manage-cookies-and-website-data-sfri11471\/mac\">https:\/\/support.apple.com\/guide\/safari\/manage-cookies-and-website-data-sfri11471\/mac<\/a><\/li>\n\n\n\n<li style=\"font-style:normal;font-weight:400\">Para cualquier otro navegador web, visite sus sitios web oficiales.<\/li>\n<\/ul>\n\n<h2 class=\"wp-block-heading has-x-large-font-size\">M\u00e1s informaci\u00f3n sobre las cookies<\/h2>\n\n<p style=\"font-style:normal;font-weight:400\">Puede encontrar m\u00e1s informaci\u00f3n sobre las cookies aqu\u00ed: <a href=\"https:\/\/www.termsfeed.com\/blog\/cookies\/\">Todo sobre las cookies por TermsFeed<\/a> .<\/p>\n\n<h2 class=\"wp-block-heading has-x-large-font-size\">Cont\u00e1ctenos<\/h2>\n\n<p style=\"font-style:normal;font-weight:400\">Si tiene alguna pregunta sobre esta Pol\u00edtica de Cookies, puede contactar con nosotros:<\/p>\n\n<p style=\"font-style:normal;font-weight:400\">Por correo electr\u00f3nico: <a href=\"mailto:info@qsrconsulting.info\">info@qsrconsulting.info<\/a><\/p>\n","protected":false},"excerpt":{"rendered":"<p>\u00daltima actualizaci\u00f3n: 24 de julio de 2024 Esta Pol\u00edtica de cookies explica qu\u00e9 son las cookies y c\u00f3mo las utilizamos. Debe leer esta pol\u00edtica para comprender qu\u00e9 tipos de cookies utilizamos o qu\u00e9 informaci\u00f3n recopilamos mediante cookies y c\u00f3mo se utiliza esa informaci\u00f3n. Esta Pol\u00edtica de cookies se cre\u00f3 con la ayuda del Generador de [&hellip;]<\/p>\n","protected":false},"author":2,"featured_media":0,"parent":0,"menu_order":0,"comment_status":"closed","ping_status":"closed","template":"","meta":{"site-sidebar-layout":"default","site-content-layout":"","ast-site-content-layout":"default","site-content-style":"default","site-sidebar-style":"default","ast-global-header-display":"","ast-banner-title-visibility":"","ast-main-header-display":"","ast-hfb-above-header-display":"","ast-hfb-below-header-display":"","ast-hfb-mobile-header-display":"","site-post-title":"","ast-breadcrumbs-content":"","ast-featured-img":"","footer-sml-layout":"","theme-transparent-header-meta":"","adv-header-id-meta":"","stick-header-meta":"","header-above-stick-meta":"","header-main-stick-meta":"","header-below-stick-meta":"","astra-migrate-meta-layouts":"default","ast-page-background-enabled":"default","ast-page-background-meta":{"desktop":{"background-color":"","background-image":"","background-repeat":"repeat","background-position":"center center","background-size":"auto","background-attachment":"scroll","background-type":"","background-media":"","overlay-type":"","overlay-color":"","overlay-opacity":"","overlay-gradient":""},"tablet":{"background-color":"","background-image":"","background-repeat":"repeat","background-position":"center center","background-size":"auto","background-attachment":"scroll","background-type":"","background-media":"","overlay-type":"","overlay-color":"","overlay-opacity":"","overlay-gradient":""},"mobile":{"background-color":"","background-image":"","background-repeat":"repeat","background-position":"center center","background-size":"auto","background-attachment":"scroll","background-type":"","background-media":"","overlay-type":"","overlay-color":"","overlay-opacity":"","overlay-gradient":""}},"ast-content-background-meta":{"desktop":{"background-color":"var(--ast-global-color-5)","background-image":"","background-repeat":"repeat","background-position":"center center","background-size":"auto","background-attachment":"scroll","background-type":"","background-media":"","overlay-type":"","overlay-color":"","overlay-opacity":"","overlay-gradient":""},"tablet":{"background-color":"var(--ast-global-color-5)","background-image":"","background-repeat":"repeat","background-position":"center center","background-size":"auto","background-attachment":"scroll","background-type":"","background-media":"","overlay-type":"","overlay-color":"","overlay-opacity":"","overlay-gradient":""},"mobile":{"background-color":"var(--ast-global-color-5)","background-image":"","background-repeat":"repeat","background-position":"center center","background-size":"auto","background-attachment":"scroll","background-type":"","background-media":"","overlay-type":"","overlay-color":"","overlay-opacity":"","overlay-gradient":""}},"footnotes":""},"class_list":["post-6361","page","type-page","status-publish","hentry"],"aioseo_notices":[],"_links":{"self":[{"href":"https:\/\/fantasyfood.org\/es\/wp-json\/wp\/v2\/pages\/6361"}],"collection":[{"href":"https:\/\/fantasyfood.org\/es\/wp-json\/wp\/v2\/pages"}],"about":[{"href":"https:\/\/fantasyfood.org\/es\/wp-json\/wp\/v2\/types\/page"}],"author":[{"embeddable":true,"href":"https:\/\/fantasyfood.org\/es\/wp-json\/wp\/v2\/users\/2"}],"replies":[{"embeddable":true,"href":"https:\/\/fantasyfood.org\/es\/wp-json\/wp\/v2\/comments?post=6361"}],"version-history":[{"count":1,"href":"https:\/\/fantasyfood.org\/es\/wp-json\/wp\/v2\/pages\/6361\/revisions"}],"predecessor-version":[{"id":6362,"href":"https:\/\/fantasyfood.org\/es\/wp-json\/wp\/v2\/pages\/6361\/revisions\/6362"}],"wp:attachment":[{"href":"https:\/\/fantasyfood.org\/es\/wp-json\/wp\/v2\/media?parent=6361"}],"curies":[{"name":"wp","href":"https:\/\/api.w.org\/{rel}","templated":true}]}}