{"id":6351,"date":"2024-09-02T17:48:12","date_gmt":"2024-09-02T15:48:12","guid":{"rendered":"https:\/\/fantasyfood.org\/politique-de-cookies\/"},"modified":"2024-09-02T18:11:56","modified_gmt":"2024-09-02T16:11:56","slug":"politique-de-cookies","status":"publish","type":"page","link":"https:\/\/fantasyfood.org\/fr\/politique-de-cookies\/","title":{"rendered":"Politique de cookies"},"content":{"rendered":"\n<p>Derni\u00e8re mise \u00e0 jour : 24 juillet 2024<\/p>\n\n<p style=\"font-style:normal;font-weight:400\">Cette politique de cookies explique ce que sont les cookies et comment nous les utilisons. Vous devez lire cette politique pour comprendre quels types de cookies nous utilisons ou quelles informations nous collectons \u00e0 l&rsquo;aide de cookies et comment ces informations sont utilis\u00e9es. Cette politique de cookies a \u00e9t\u00e9 cr\u00e9\u00e9e \u00e0 l&rsquo;aide du g\u00e9n\u00e9rateur de politique de cookies.<\/p>\n\n<p style=\"font-style:normal;font-weight:400\">Les cookies ne contiennent g\u00e9n\u00e9ralement aucune information permettant de vous identifier personnellement, mais les informations personnelles que nous stockons \u00e0 votre sujet peuvent \u00eatre li\u00e9es aux informations stock\u00e9es dans les cookies et obtenues \u00e0 partir de ceux-ci. Pour plus d&rsquo;informations sur la mani\u00e8re dont nous utilisons, stockons et prot\u00e9geons vos donn\u00e9es personnelles, veuillez lire notre politique de confidentialit\u00e9.<\/p>\n\n<p style=\"font-style:normal;font-weight:400\">Nous ne stockons pas d&rsquo;informations personnelles sensibles telles que les adresses postales, les mots de passe de compte, etc. dans les cookies que nous utilisons.<\/p>\n\n<h1 class=\"wp-block-heading has-x-large-font-size\">Interpr\u00e9tation et d\u00e9finitions<\/h1>\n\n<h2 class=\"wp-block-heading has-x-large-font-size\">Interpr\u00e9tation<\/h2>\n\n<p style=\"font-style:normal;font-weight:400\">Les mots dont la premi\u00e8re lettre est en majuscule ont des significations d\u00e9finies dans les conditions suivantes. Les d\u00e9finitions suivantes ont la m\u00eame signification qu&rsquo;elles soient au singulier ou au pluriel.<\/p>\n\n<h2 class=\"wp-block-heading has-x-large-font-size\">D\u00e9finitions<\/h2>\n\n<p style=\"font-style:normal;font-weight:400\">Aux fins de la pr\u00e9sente politique en mati\u00e8re de cookies :<\/p>\n\n<ul class=\"wp-block-list\" style=\"font-style:normal;font-weight:400\">\n<li style=\"font-style:normal;font-weight:400\">La soci\u00e9t\u00e9 (appel\u00e9e \u00ab la soci\u00e9t\u00e9 \u00bb, \u00ab nous \u00bb ou \u00ab notre \u00bb dans la pr\u00e9sente politique relative aux cookies) fait r\u00e9f\u00e9rence \u00e0 Fantasy Food Sp. z oo, R\u0119czaje Polskie 4A, 05-326 Po\u015bwi\u0119tne, Pologne.<\/li>\n\n\n\n<li style=\"font-style:normal;font-weight:400\">Les cookies sont de petits fichiers plac\u00e9s sur votre ordinateur, appareil mobile ou autre appareil par un site Web, contenant des d\u00e9tails sur votre historique de navigation sur ce site Web parmi ses nombreuses utilisations.<\/li>\n\n\n\n<li style=\"font-style:normal;font-weight:400\">Le site Web fait r\u00e9f\u00e9rence \u00e0 Fantasy Food, accessible \u00e0 partir de <a href=\"https:\/\/fantasyfood.org\/fr\/\" target=\"_blank\" rel=\"noreferrer noopener\">https:\/\/fantasyfood.org<\/a><\/li>\n\n\n\n<li style=\"font-style:normal;font-weight:400\">Vous d\u00e9signe la personne qui acc\u00e8de au Site ou l&rsquo;utilise, ou la soci\u00e9t\u00e9, ou toute entit\u00e9 juridique au nom de laquelle cette personne acc\u00e8de au Site ou l&rsquo;utilise, selon le cas.<\/li>\n<\/ul>\n\n<h1 class=\"wp-block-heading has-x-large-font-size\">Utilisation des cookies<\/h1>\n\n<h2 class=\"wp-block-heading has-x-large-font-size\">Le type de cookies que nous utilisons<\/h2>\n\n<p style=\"font-style:normal;font-weight:400\">Les cookies peuvent \u00eatre des cookies \u00ab persistants \u00bb ou \u00ab de session \u00bb. Les cookies persistants restent sur votre ordinateur personnel ou votre appareil mobile lorsque vous vous d\u00e9connectez, tandis que les cookies de session sont supprim\u00e9s imm\u00e9diatement lorsque vous fermez votre navigateur Web. Nous utilisons \u00e0 la fois des cookies de session et des cookies persistants aux fins d\u00e9crites ci-dessous :<\/p>\n\n<p style=\"font-style:normal;font-weight:400\"><strong>Cookies n\u00e9cessaires \/ essentiels<\/strong><\/p>\n\n<ul class=\"wp-block-list\" style=\"font-style:normal;font-weight:400\">\n<li style=\"font-style:normal;font-weight:400\">Type : cookies de session<\/li>\n\n\n\n<li style=\"font-style:normal;font-weight:400\">Administrateur : mon<\/li>\n\n\n\n<li style=\"font-style:normal;font-weight:400\">Finalit\u00e9 : Ces cookies sont n\u00e9cessaires pour fournir les services disponibles sur le site Web et pour permettre l&rsquo;utilisation de certaines de ses fonctionnalit\u00e9s. Ils aident \u00e0 authentifier les utilisateurs et \u00e0 emp\u00eacher l&rsquo;utilisation frauduleuse des comptes d&rsquo;utilisateurs. Sans ces cookies, les services que vous demandez ne peuvent pas \u00eatre fournis et nous utilisons ces cookies uniquement pour vous fournir ces services.<\/li>\n<\/ul>\n\n<p style=\"font-style:normal;font-weight:400\"><strong>Cookies fonctionnels<\/strong><\/p>\n\n<ul class=\"wp-block-list\" style=\"font-style:normal;font-weight:400\">\n<li style=\"font-style:normal;font-weight:400\">Type : cookies persistants<\/li>\n\n\n\n<li style=\"font-style:normal;font-weight:400\">Administrateur : mon<\/li>\n\n\n\n<li style=\"font-style:normal;font-weight:400\">Finalit\u00e9 : Ces cookies nous permettent de m\u00e9moriser les choix que vous faites lorsque vous utilisez le site Web, comme la m\u00e9morisation de vos informations de connexion ou de vos pr\u00e9f\u00e9rences linguistiques. Le but de ces cookies est de vous offrir une exp\u00e9rience plus personnelle et de vous \u00e9viter de devoir ressaisir vos pr\u00e9f\u00e9rences \u00e0 chaque fois que vous utilisez le site Web.<\/li>\n<\/ul>\n\n<p style=\"font-style:normal;font-weight:400\"><strong>Cookies analytiques et de performance<\/strong><\/p>\n\n<ul class=\"wp-block-list\" style=\"font-style:normal;font-weight:400\">\n<li style=\"font-style:normal;font-weight:400\">Type : cookies persistants<\/li>\n\n\n\n<li style=\"font-style:normal;font-weight:400\">Administrateur : tiers<\/li>\n\n\n\n<li style=\"font-style:normal;font-weight:400\">Finalit\u00e9 : Ces cookies sont utilis\u00e9s pour collecter des informations sur le trafic du site Web et sur la mani\u00e8re dont les utilisateurs utilisent le site Web. Les informations collect\u00e9es via ces cookies peuvent vous identifier directement ou indirectement en tant que visiteur individuel. En effet, les informations collect\u00e9es sont g\u00e9n\u00e9ralement associ\u00e9es \u00e0 un identifiant pseudonyme associ\u00e9 \u00e0 l&rsquo;appareil que vous utilisez pour acc\u00e9der au Site. \u00c0 cette fin, nous utilisons Google Analytics, Mixpanel, Mouseflow et d&rsquo;autres outils similaires.<\/li>\n<\/ul>\n\n<p><strong>Cookies publicitaires et de ciblage<\/strong><\/p>\n\n<ul class=\"wp-block-list\">\n<li style=\"font-style:normal;font-weight:400\">Type : Cookies persistants<\/li>\n\n\n\n<li style=\"font-style:normal;font-weight:400\">Administrateurs : Tierces parties<\/li>\n\n\n\n<li style=\"font-style:normal;font-weight:400\">Finalit\u00e9 : Ces cookies sont utilis\u00e9s pour rendre les messages publicitaires plus pertinents pour vous. Ils remplissent des fonctions telles que la pr\u00e9vention de la r\u00e9apparition continue de la m\u00eame publicit\u00e9, la garantie que les publicit\u00e9s sont affich\u00e9es correctement pour les annonceurs et, dans certains cas, la s\u00e9lection des publicit\u00e9s en fonction de vos int\u00e9r\u00eats. Nous utilisons des plateformes publicitaires telles que Google Ads et Facebook Ads, y compris le reciblage des utilisateurs.<\/li>\n<\/ul>\n\n<p><strong>Cookies des r\u00e9seaux sociaux<\/strong><\/p>\n\n<ul class=\"wp-block-list\">\n<li style=\"font-style:normal;font-weight:400\">Type : Cookies persistants<\/li>\n\n\n\n<li style=\"font-style:normal;font-weight:400\">Administrateurs : Tierces parties<\/li>\n\n\n\n<li style=\"font-style:normal;font-weight:400\">Finalit\u00e9 : En plus de nos propres cookies, nous pouvons \u00e9galement utiliser divers cookies tiers pour signaler des statistiques d&rsquo;utilisation du Site, diffuser de la publicit\u00e9 sur et via le Site, etc. Ces cookies peuvent suivre des activit\u00e9s telles que la connexion \u00e0 des comptes de r\u00e9seaux sociaux (par exemple, \u00ab Se connecter avec Facebook \u00bb) ou les interactions avec les boutons de r\u00e9seaux sociaux (par exemple, les boutons J&rsquo;aime\/Suivre de Facebook).<\/li>\n<\/ul>\n\n<h1 class=\"wp-block-heading has-x-large-font-size\">Vos choix concernant les cookies<\/h1>\n\n<p style=\"font-style:normal;font-weight:400\">Si vous pr\u00e9f\u00e9rez \u00e9viter l&rsquo;utilisation de cookies sur le site Web, vous devez d&rsquo;abord d\u00e9sactiver l&rsquo;utilisation de cookies dans votre navigateur, puis supprimer les cookies stock\u00e9s dans le navigateur associ\u00e9 \u00e0 ce site Web. Vous pouvez utiliser cette option pour emp\u00eacher l&rsquo;utilisation de cookies \u00e0 tout moment.<\/p>\n\n<p style=\"font-style:normal;font-weight:400\">Si vous n&rsquo;acceptez pas nos cookies, vous risquez de rencontrer des inconv\u00e9nients dans l&rsquo;utilisation du site Web et certaines fonctions pourraient ne pas fonctionner correctement.<\/p>\n\n<p style=\"font-style:normal;font-weight:400\"><strong>Si vous souhaitez supprimer les cookies ou demander \u00e0 votre navigateur Web de supprimer ou de rejeter les cookies, veuillez consulter les pages d&rsquo;aide de votre navigateur Web.<\/strong><\/p>\n\n<ul class=\"wp-block-list\">\n<li style=\"font-style:normal;font-weight:400\">Pour le navigateur Web Chrome, veuillez visiter cette page Google\u00a0: <a href=\"https:\/\/support.google.com\/accounts\/answer\/32050\">https:\/\/support.google.com\/accounts\/answer\/32050<\/a><\/li>\n\n\n\n<li style=\"font-style:normal;font-weight:400\">Pour le navigateur Web Internet Explorer, visitez ce site Web Microsoft\u00a0: <a href=\"http:\/\/support.microsoft.com\/kb\/278835\">http:\/\/support.microsoft.com\/kb\/278835<\/a><\/li>\n\n\n\n<li style=\"font-style:normal;font-weight:400\">Pour le navigateur Web Firefox, veuillez visiter ce site Web de Mozilla\u00a0: <a href=\"https:\/\/support.mozilla.org\/en-US\/kb\/delete-cookies-remove-info-websites-stored\">https:\/\/support.mozilla.org\/en-US\/kb\/delete-cookies-remove-info-websites-stored<\/a><\/li>\n\n\n\n<li style=\"font-style:normal;font-weight:400\">Pour le navigateur Web Safari, visitez ce site Web Apple\u00a0: <a href=\"https:\/\/support.apple.com\/guide\/safari\/manage-cookies-and-website-data-sfri11471\/mac\">https:\/\/support.apple.com\/guide\/safari\/manage-cookies-and-website-data-sfri11471\/mac<\/a><\/li>\n\n\n\n<li style=\"font-style:normal;font-weight:400\">Pour tout autre navigateur Web, visitez ses sites Web officiels.<\/li>\n<\/ul>\n\n<h2 class=\"wp-block-heading has-x-large-font-size\">Plus d&rsquo;informations sur les cookies<\/h2>\n\n<p style=\"font-style:normal;font-weight:400\">Vous pouvez trouver plus d&rsquo;informations sur les cookies ici : <a href=\"https:\/\/www.termsfeed.com\/blog\/cookies\/\">Tout sur les cookies par TermsFeed<\/a> .<\/p>\n\n<h2 class=\"wp-block-heading has-x-large-font-size\">Contactez-nous<\/h2>\n\n<p style=\"font-style:normal;font-weight:400\">Si vous avez des questions sur cette politique de cookies, vous pouvez nous contacter :<\/p>\n\n<p style=\"font-style:normal;font-weight:400\">Par email : <a href=\"mailto:info@qsrconsulting.info\">info@qsrconsulting.info<\/a><\/p>\n","protected":false},"excerpt":{"rendered":"<p>Derni\u00e8re mise \u00e0 jour : 24 juillet 2024 Cette politique de cookies explique ce que sont les cookies et comment nous les utilisons. Vous devez lire cette politique pour comprendre quels types de cookies nous utilisons ou quelles informations nous collectons \u00e0 l&rsquo;aide de cookies et comment ces informations sont utilis\u00e9es. Cette politique de cookies [&hellip;]<\/p>\n","protected":false},"author":2,"featured_media":0,"parent":0,"menu_order":0,"comment_status":"closed","ping_status":"closed","template":"","meta":{"site-sidebar-layout":"default","site-content-layout":"","ast-site-content-layout":"default","site-content-style":"default","site-sidebar-style":"default","ast-global-header-display":"","ast-banner-title-visibility":"","ast-main-header-display":"","ast-hfb-above-header-display":"","ast-hfb-below-header-display":"","ast-hfb-mobile-header-display":"","site-post-title":"","ast-breadcrumbs-content":"","ast-featured-img":"","footer-sml-layout":"","theme-transparent-header-meta":"","adv-header-id-meta":"","stick-header-meta":"","header-above-stick-meta":"","header-main-stick-meta":"","header-below-stick-meta":"","astra-migrate-meta-layouts":"default","ast-page-background-enabled":"default","ast-page-background-meta":{"desktop":{"background-color":"","background-image":"","background-repeat":"repeat","background-position":"center center","background-size":"auto","background-attachment":"scroll","background-type":"","background-media":"","overlay-type":"","overlay-color":"","overlay-opacity":"","overlay-gradient":""},"tablet":{"background-color":"","background-image":"","background-repeat":"repeat","background-position":"center center","background-size":"auto","background-attachment":"scroll","background-type":"","background-media":"","overlay-type":"","overlay-color":"","overlay-opacity":"","overlay-gradient":""},"mobile":{"background-color":"","background-image":"","background-repeat":"repeat","background-position":"center center","background-size":"auto","background-attachment":"scroll","background-type":"","background-media":"","overlay-type":"","overlay-color":"","overlay-opacity":"","overlay-gradient":""}},"ast-content-background-meta":{"desktop":{"background-color":"var(--ast-global-color-5)","background-image":"","background-repeat":"repeat","background-position":"center center","background-size":"auto","background-attachment":"scroll","background-type":"","background-media":"","overlay-type":"","overlay-color":"","overlay-opacity":"","overlay-gradient":""},"tablet":{"background-color":"var(--ast-global-color-5)","background-image":"","background-repeat":"repeat","background-position":"center center","background-size":"auto","background-attachment":"scroll","background-type":"","background-media":"","overlay-type":"","overlay-color":"","overlay-opacity":"","overlay-gradient":""},"mobile":{"background-color":"var(--ast-global-color-5)","background-image":"","background-repeat":"repeat","background-position":"center center","background-size":"auto","background-attachment":"scroll","background-type":"","background-media":"","overlay-type":"","overlay-color":"","overlay-opacity":"","overlay-gradient":""}},"footnotes":""},"class_list":["post-6351","page","type-page","status-publish","hentry"],"aioseo_notices":[],"_links":{"self":[{"href":"https:\/\/fantasyfood.org\/fr\/wp-json\/wp\/v2\/pages\/6351"}],"collection":[{"href":"https:\/\/fantasyfood.org\/fr\/wp-json\/wp\/v2\/pages"}],"about":[{"href":"https:\/\/fantasyfood.org\/fr\/wp-json\/wp\/v2\/types\/page"}],"author":[{"embeddable":true,"href":"https:\/\/fantasyfood.org\/fr\/wp-json\/wp\/v2\/users\/2"}],"replies":[{"embeddable":true,"href":"https:\/\/fantasyfood.org\/fr\/wp-json\/wp\/v2\/comments?post=6351"}],"version-history":[{"count":1,"href":"https:\/\/fantasyfood.org\/fr\/wp-json\/wp\/v2\/pages\/6351\/revisions"}],"predecessor-version":[{"id":6352,"href":"https:\/\/fantasyfood.org\/fr\/wp-json\/wp\/v2\/pages\/6351\/revisions\/6352"}],"wp:attachment":[{"href":"https:\/\/fantasyfood.org\/fr\/wp-json\/wp\/v2\/media?parent=6351"}],"curies":[{"name":"wp","href":"https:\/\/api.w.org\/{rel}","templated":true}]}}